{"id":89,"date":"2022-05-01T16:43:06","date_gmt":"2022-05-01T16:43:06","guid":{"rendered":"https:\/\/irbo.com.br\/site\/?page_id=89"},"modified":"2022-05-01T16:54:33","modified_gmt":"2022-05-01T16:54:33","slug":"89-2","status":"publish","type":"page","link":"https:\/\/irbo.com.br\/site\/index.php\/89-2\/","title":{"rendered":"A Empresa"},"content":{"rendered":"\n[et_pb_section fb_built=&#8221;1&#8243; theme_builder_area=&#8221;post_content&#8221; _builder_version=&#8221;4.17.3&#8243; _module_preset=&#8221;default&#8221;][et_pb_row _builder_version=&#8221;4.17.3&#8243; _module_preset=&#8221;default&#8221; theme_builder_area=&#8221;post_content&#8221; hover_enabled=&#8221;0&#8243; sticky_enabled=&#8221;0&#8243;][et_pb_column _builder_version=&#8221;4.17.3&#8243; _module_preset=&#8221;default&#8221; type=&#8221;4_4&#8243; theme_builder_area=&#8221;post_content&#8221;][et_pb_text _builder_version=&#8221;4.17.3&#8243; _module_preset=&#8221;default&#8221; theme_builder_area=&#8221;post_content&#8221; hover_enabled=&#8221;0&#8243; sticky_enabled=&#8221;0&#8243;]<p>Fundada em 1967 em Ribeir\u00e3o Preto, a ind\u00fastria IRBO iniciou suas atividades como recicladora de borracha, tendo como seu principal produto o Regenerado de Borracha.<\/p>\n<p>Em sua primeira d\u00e9cada se estabeleceu como uma das maiores produtoras de Regenerado de Borracha do pa\u00eds, bem como iniciou o processo de diversifica\u00e7\u00e3o de sua linha de produ\u00e7\u00e3o. Passou a produzir tamb\u00e9m os protetores de c\u00e2maras de ar, pisos pastilhados de borracha, depenadores de frango e pe\u00e7as t\u00e9cnicas em geral.<\/p>\n<p>Nos anos 90 iniciou tamb\u00e9m a produ\u00e7\u00e3o de Mangueiras e Mangotes industriais de borracha para diversos seguimentos.<\/p>\n<p>Na busca da excel\u00eancia no atendimento para com seus clientes, em 2016 inaugurou uma nova fabrica. Sempre atenta \u00e0s necessidades do mercado vem investindo na qualifica\u00e7\u00e3o de m\u00e3o de obra e contrata\u00e7\u00e3o de especialistas para atender seus diversos seguimentos. Buscamos com isto que nossa compet\u00eancia na tecnologia de produtos de borracha seja cada vez mais reconhecida por nossos parceiros.<\/p>\n<p>Trabalhamos com mat\u00e9rias primas certificadas e nossa produ\u00e7\u00e3o passa por um rigoroso controle de qualidade podendo assegurar assim que o produto adquirido estar\u00e1 conforme os requisitos de uso especificados.<\/p>\n<p>Hoje com mais de 50 anos temos orgulho de dizer que a qualidade e garantia de nossos produtos est\u00e3o diretamente atrelados a nossa marca.<\/p>\n<p>Desta forma em um mercado cada vez mais competitivo, estamos certos de estarmos alinhados com as expectativas de nossos parceiros para o futuro.<\/p>[\/et_pb_text][\/et_pb_column][\/et_pb_row][\/et_pb_section]\n","protected":false},"excerpt":{"rendered":"<p>Fundada em 1967 em Ribeir\u00e3o Preto, a ind\u00fastria IRBO iniciou suas atividades como recicladora de borracha, tendo como seu principal produto o Regenerado de Borracha. Em sua primeira d\u00e9cada se estabeleceu como uma das maiores produtoras de Regenerado de Borracha do pa\u00eds, bem como iniciou o processo de diversifica\u00e7\u00e3o de sua linha de produ\u00e7\u00e3o. Passou [&hellip;]<\/p>\n","protected":false},"author":1,"featured_media":0,"parent":0,"menu_order":0,"comment_status":"closed","ping_status":"closed","template":"","meta":{"_et_pb_use_builder":"on","_et_pb_old_content":"","_et_gb_content_width":"","footnotes":""},"class_list":["post-89","page","type-page","status-publish","hentry"],"_links":{"self":[{"href":"https:\/\/irbo.com.br\/site\/index.php\/wp-json\/wp\/v2\/pages\/89","targetHints":{"allow":["GET"]}}],"collection":[{"href":"https:\/\/irbo.com.br\/site\/index.php\/wp-json\/wp\/v2\/pages"}],"about":[{"href":"https:\/\/irbo.com.br\/site\/index.php\/wp-json\/wp\/v2\/types\/page"}],"author":[{"embeddable":true,"href":"https:\/\/irbo.com.br\/site\/index.php\/wp-json\/wp\/v2\/users\/1"}],"replies":[{"embeddable":true,"href":"https:\/\/irbo.com.br\/site\/index.php\/wp-json\/wp\/v2\/comments?post=89"}],"version-history":[{"count":4,"href":"https:\/\/irbo.com.br\/site\/index.php\/wp-json\/wp\/v2\/pages\/89\/revisions"}],"predecessor-version":[{"id":99,"href":"https:\/\/irbo.com.br\/site\/index.php\/wp-json\/wp\/v2\/pages\/89\/revisions\/99"}],"wp:attachment":[{"href":"https:\/\/irbo.com.br\/site\/index.php\/wp-json\/wp\/v2\/media?parent=89"}],"curies":[{"name":"wp","href":"https:\/\/api.w.org\/{rel}","templated":true}]}}