{"id":242,"date":"2022-05-02T14:04:44","date_gmt":"2022-05-02T14:04:44","guid":{"rendered":"https:\/\/irbo.com.br\/site\/?page_id=242"},"modified":"2022-05-27T14:36:50","modified_gmt":"2022-05-27T14:36:50","slug":"protetores-de-cameras-de-ar","status":"publish","type":"page","link":"https:\/\/irbo.com.br\/site\/index.php\/protetores-de-cameras-de-ar\/","title":{"rendered":"Protetores de c\u00e2maras de ar"},"content":{"rendered":"<p>[et_pb_section fb_built=&#8221;1&#8243; _builder_version=&#8221;4.17.3&#8243; _module_preset=&#8221;default&#8221; global_colors_info=&#8221;{}&#8221;][et_pb_row _builder_version=&#8221;4.17.3&#8243; _module_preset=&#8221;default&#8221; background_enable_image=&#8221;off&#8221; global_colors_info=&#8221;{}&#8221; min_height=&#8221;1252.1px&#8221; custom_margin=&#8221;-27px|auto|-182px|auto||&#8221; custom_padding=&#8221;||0px|||&#8221;][et_pb_column type=&#8221;4_4&#8243; _builder_version=&#8221;4.17.3&#8243; _module_preset=&#8221;default&#8221; global_colors_info=&#8221;{}&#8221;][et_pb_image src=&#8221;https:\/\/irbo.com.br\/site\/wp-content\/uploads\/2022\/05\/protetor4.jpg&#8221; title_text=&#8221;protetor4&#8243; _builder_version=&#8221;4.17.4&#8243; _module_preset=&#8221;default&#8221; global_colors_info=&#8221;{}&#8221; align=&#8221;center&#8221; hover_enabled=&#8221;0&#8243; sticky_enabled=&#8221;0&#8243;][\/et_pb_image][et_pb_blurb title=&#8221;Aprovados pelas companhias pneum\u00e1ticas, os protetores IRBO s\u00e3o fabricados com mat\u00e9ria prima de excelente qualidade, oferecendo assim, alta resist\u00eancia ao rasgo e ao aquecimento.&#8221; icon_placement=&#8221;left&#8221; content_max_width=&#8221;1100px&#8221; admin_label=&#8221;Sinopse&#8221; _builder_version=&#8221;4.17.3&#8243; _module_preset=&#8221;default&#8221; header_text_align=&#8221;justify&#8221; background_enable_image=&#8221;off&#8221; global_colors_info=&#8221;{}&#8221;]<\/p>\n<p><span class=\"s1\"><\/span><\/p>\n<p><span class=\"s1\">Nossos produtos s\u00e3o<\/span>\u00a0produzidos com equipamentos modernos e t\u00e9cnicas atualizadas, atingindo padr\u00f5es internacionais de qualidade, garantindo alta seguran\u00e7a e prote\u00e7\u00e3o para pneus e c\u00e2maras.<\/p>\n<table border=\"1\" style=\"border-collapse: collapse; width: 100%;\">\n<tbody>\n<tr>\n<td style=\"width: 50%;\"><img loading=\"lazy\" decoding=\"async\" src=\"https:\/\/irbo.com.br\/site\/wp-content\/uploads\/2022\/05\/camara-ar-detalhe-2-300x166.jpg\" width=\"300\" height=\"166\" alt=\"\" class=\"wp-image-63 alignnone size-medium\" \/><\/td>\n<td style=\"width: 50%;\">\n<p class=\"p1\"><span class=\"s1\">Os protetores IRBO na linha radial<\/span>, al\u00e9m do refor\u00e7o, <strong>Ilh\u00f3s Met\u00e1lico<\/strong> <em>(em destaque)<\/em> e lubrifica\u00e7\u00e3o para melhorar a montagem, oferecem a tradicional <strong>Blindagem Extra<\/strong> dando total prote\u00e7\u00e3o na regi\u00e3o do bico.<\/p>\n<\/td>\n<\/tr>\n<\/tbody>\n<\/table>\n<p class=\"p1\">[\/et_pb_blurb][et_pb_divider _builder_version=&#8221;4.17.3&#8243; _module_preset=&#8221;default&#8221; global_colors_info=&#8221;{}&#8221;][\/et_pb_divider][et_pb_text _builder_version=&#8221;4.17.3&#8243; _module_preset=&#8221;default&#8221; global_colors_info=&#8221;{}&#8221;]<\/p>\n<h3 class=\"shortcode-heading mk-fancy-title  pattern-style align-left \"><span>TABELA DE APLICA\u00c7\u00c3O<\/span><\/h3>\n<table width=\"100%\" cellspacing=\"0\" cellpadding=\"0\">\n<tbody>\n<tr>\n<td valign=\"top\">\n<p><span>Radial IRBOFLEX \u2013 Pneus Radiais \u2013 Carga Pesada \u2013 Aros IRBOFLEX (16), (20) e (22)<\/span><\/p>\n<\/td>\n<\/tr>\n<tr>\n<td valign=\"top\">\n<p><span>Radial A \u2013 Pneus Radiais\/Diagonais \u2013 Carga Padr\u00e3o \u2013 Aros (9 A), (10 A), (12 A), (15 A), (16 A), (20 A), (22 A)<\/span><\/p>\n<\/td>\n<\/tr>\n<tr>\n<td valign=\"top\"><span>Medidas Especiais \u2013 22,5 furo central para pneus sem c\u00e2mara \u2013 22,5 furo lateral para pneus sem c\u00e2mara 1300\/1600 x 24 \u2013 17,5\/20,5 x 25 (Pneus Agr\u00edcolas)<\/span><\/td>\n<\/tr>\n<\/tbody>\n<\/table>\n<p>[\/et_pb_text][\/et_pb_column][\/et_pb_row][et_pb_row _builder_version=&#8221;4.17.4&#8243; _module_preset=&#8221;default&#8221;][et_pb_column _builder_version=&#8221;4.17.4&#8243; _module_preset=&#8221;default&#8221; type=&#8221;4_4&#8243;][et_pb_text _builder_version=&#8221;4.17.4&#8243; _module_preset=&#8221;default&#8221; hover_enabled=&#8221;0&#8243; sticky_enabled=&#8221;0&#8243;]<\/p>\n<table cellspacing=\"0\" border=\"0\">\n<colgroup width=\"319\"><\/colgroup>\n<colgroup width=\"132\"><\/colgroup>\n<colgroup width=\"264\"><\/colgroup>\n<colgroup span=\"2\" width=\"132\"><\/colgroup>\n<tbody>\n<tr>\n<td colspan=\"3\" height=\"40\" align=\"center\" valign=\"top\" style=\"width: 285.344px; text-align: left;\"><b><span style=\"color: #333399; font-size: x-large;\">PROTETORES DE C\u00c2MARA DE AR<\/span><\/b><\/td>\n<td align=\"left\" valign=\"middle\" style=\"width: 48.5938px;\"><b><span style=\"color: #333399; font-size: large;\">\u00a0<\/span><\/b><\/td>\n<td align=\"left\" valign=\"middle\" style=\"width: 106.062px;\"><b><span style=\"color: #333399; font-size: large;\">\u00a0<\/span><\/b><\/td>\n<\/tr>\n<tr>\n<td height=\"33\" align=\"left\" valign=\"middle\" style=\"width: 90.8281px;\"><b><span style=\"color: #000000; font-size: large;\">\u00a0<\/span><\/b><\/td>\n<td align=\"center\" valign=\"middle\" style=\"width: 82.375px;\"><b><i><span style=\"color: #333399; font-family: Arial;\">LARGURA<\/span><\/i><\/b><\/td>\n<td align=\"center\" valign=\"middle\" style=\"width: 104.141px;\"><b><i><span style=\"color: #333399; font-family: Arial;\">DESCRI\u00c7\u00c3O<\/span><\/i><\/b><\/td>\n<td align=\"center\" valign=\"middle\" style=\"width: 48.5938px;\"><b><i><span style=\"color: #333399; font-family: Arial;\">PESO<\/span><\/i><\/b><\/td>\n<td align=\"center\" valign=\"middle\" style=\"width: 106.062px;\"><b><i><span style=\"color: #333399; font-family: Arial;\">EMBALAGEM<\/span><\/i><\/b><\/td>\n<\/tr>\n<tr>\n<td height=\"33\" align=\"center\" valign=\"middle\" style=\"width: 90.8281px;\"><span style=\"color: #333399; font-family: Arial; font-size: medium;\">Protetor Radial Aro 09<\/span><\/td>\n<td align=\"center\" valign=\"middle\" style=\"width: 82.375px;\"><span style=\"color: #333399; font-family: Arial; font-size: medium;\">150mm<\/span><\/td>\n<td align=\"center\" valign=\"middle\" style=\"width: 104.141px;\"><span style=\"color: #333399; font-family: Arial; font-size: medium;\">Sem Ilh\u00f3s no Bico<\/span><\/td>\n<td align=\"center\" valign=\"middle\" sdval=\"0,45\" sdnum=\"1046;0;0,000\" style=\"width: 48.5938px;\"><span style=\"color: #333399; font-family: Arial; font-size: medium;\">0,450<\/span><\/td>\n<td align=\"center\" valign=\"middle\" sdnum=\"1046;0;0,000\" style=\"width: 106.062px;\"><span style=\"color: #333399; font-family: Arial; font-size: medium;\">40 P\u00c7S<\/span><\/td>\n<\/tr>\n<tr>\n<td height=\"33\" align=\"center\" valign=\"middle\" style=\"width: 90.8281px;\"><span style=\"color: #333399; font-family: Arial; font-size: medium;\">Protetor Radial Aro 10<\/span><\/td>\n<td align=\"center\" valign=\"middle\" style=\"width: 82.375px;\"><span style=\"color: #333399; font-family: Arial; font-size: medium;\">160mm<\/span><\/td>\n<td align=\"center\" valign=\"middle\" style=\"width: 104.141px;\"><span style=\"color: #333399; font-family: Arial; font-size: medium;\">Sem Ilh\u00f3s no Bico<\/span><\/td>\n<td align=\"center\" valign=\"middle\" sdval=\"0,47\" sdnum=\"1046;0;0,000\" style=\"width: 48.5938px;\"><span style=\"color: #333399; font-family: Arial; font-size: medium;\">0,470<\/span><\/td>\n<td align=\"center\" valign=\"middle\" sdnum=\"1046;0;0,000\" style=\"width: 106.062px;\"><span style=\"color: #333399; font-family: Arial; font-size: medium;\">40 P\u00c7S<\/span><\/td>\n<\/tr>\n<tr>\n<td height=\"33\" align=\"center\" valign=\"middle\" style=\"width: 90.8281px;\"><span style=\"color: #333399; font-family: Arial; font-size: medium;\">Protetor Radial Aro 12<\/span><\/td>\n<td align=\"center\" valign=\"middle\" style=\"width: 82.375px;\"><span style=\"color: #333399; font-family: Arial; font-size: medium;\">173mm<\/span><\/td>\n<td align=\"center\" valign=\"middle\" style=\"width: 104.141px;\"><span style=\"color: #333399; font-family: Arial; font-size: medium;\">Sem Ilh\u00f3s no Bico<\/span><\/td>\n<td align=\"center\" valign=\"middle\" sdval=\"0,56\" sdnum=\"1046;0;0,000\" style=\"width: 48.5938px;\"><span style=\"color: #333399; font-family: Arial; font-size: medium;\">0,560<\/span><\/td>\n<td align=\"center\" valign=\"middle\" sdnum=\"1046;0;0,000\" style=\"width: 106.062px;\"><span style=\"color: #333399; font-family: Arial; font-size: medium;\">40 P\u00c7S<\/span><\/td>\n<\/tr>\n<tr>\n<td height=\"33\" align=\"center\" valign=\"middle\" style=\"width: 90.8281px;\"><span style=\"color: #333399; font-family: Arial; font-size: medium;\">Protetor Radial Aro 15<\/span><\/td>\n<td align=\"center\" valign=\"middle\" style=\"width: 82.375px;\"><span style=\"color: #333399; font-family: Arial; font-size: medium;\">176mm<\/span><\/td>\n<td align=\"center\" valign=\"middle\" style=\"width: 104.141px;\"><span style=\"color: #333399; font-family: Arial; font-size: medium;\">Com Ilh\u00f3s no Bico<\/span><\/td>\n<td align=\"center\" valign=\"middle\" sdval=\"0,95\" sdnum=\"1046;0;0,000\" style=\"width: 48.5938px;\"><span style=\"color: #333399; font-family: Arial; font-size: medium;\">0,950<\/span><\/td>\n<td align=\"center\" valign=\"middle\" sdnum=\"1046;0;0,000\" style=\"width: 106.062px;\"><span style=\"color: #333399; font-family: Arial; font-size: medium;\">20 P\u00c7S<\/span><\/td>\n<\/tr>\n<tr>\n<td height=\"33\" align=\"center\" valign=\"middle\" style=\"width: 90.8281px;\"><span style=\"color: #333399; font-family: Arial; font-size: medium;\">Protetor Radial Aro 16<\/span><\/td>\n<td align=\"center\" valign=\"middle\" style=\"width: 82.375px;\"><span style=\"color: #333399; font-family: Arial; font-size: medium;\">185mm<\/span><\/td>\n<td align=\"center\" valign=\"middle\" style=\"width: 104.141px;\"><span style=\"color: #333399; font-family: Arial; font-size: medium;\">Com Ilh\u00f3s no Bico<\/span><\/td>\n<td align=\"center\" valign=\"middle\" sdval=\"1,15\" sdnum=\"1046;0;0,000\" style=\"width: 48.5938px;\"><span style=\"color: #333399; font-family: Arial; font-size: medium;\">1,150<\/span><\/td>\n<td align=\"center\" valign=\"middle\" sdnum=\"1046;0;0,000\" style=\"width: 106.062px;\"><span style=\"color: #333399; font-family: Arial; font-size: medium;\">20 P\u00c7S<\/span><\/td>\n<\/tr>\n<tr>\n<td height=\"33\" align=\"center\" valign=\"middle\" style=\"width: 90.8281px;\"><span style=\"color: #333399; font-family: Arial; font-size: medium;\">Protetor Radial &#8220;A&#8221; Aro 20<\/span><\/td>\n<td align=\"center\" valign=\"middle\" style=\"width: 82.375px;\"><span style=\"color: #333399; font-family: Arial; font-size: medium;\">190mm<\/span><\/td>\n<td align=\"center\" valign=\"middle\" style=\"width: 104.141px;\"><span style=\"color: #333399; font-family: Arial; font-size: medium;\">Com Ilh\u00f3s no Bico<\/span><\/td>\n<td align=\"center\" valign=\"middle\" sdval=\"1,64\" sdnum=\"1046;0;0,000\" style=\"width: 48.5938px;\"><span style=\"color: #333399; font-family: Arial; font-size: medium;\">1,640<\/span><\/td>\n<td align=\"center\" valign=\"middle\" sdnum=\"1046;0;0,000\" style=\"width: 106.062px;\"><span style=\"color: #333399; font-family: Arial; font-size: medium;\">10 P\u00c7S<\/span><\/td>\n<\/tr>\n<tr>\n<td height=\"33\" align=\"center\" valign=\"middle\" style=\"width: 90.8281px;\"><span style=\"color: #333399; font-family: Arial; font-size: medium;\">Protetor Radial &#8220;A&#8221; Aro 22<\/span><\/td>\n<td align=\"center\" valign=\"middle\" style=\"width: 82.375px;\"><span style=\"color: #333399; font-family: Arial; font-size: medium;\">200mm<\/span><\/td>\n<td align=\"center\" valign=\"middle\" style=\"width: 104.141px;\"><span style=\"color: #333399; font-family: Arial; font-size: medium;\">Com Ilh\u00f3s no Bico<\/span><\/td>\n<td align=\"center\" valign=\"middle\" sdval=\"1,9\" sdnum=\"1046;0;0,000\" style=\"width: 48.5938px;\"><span style=\"color: #333399; font-family: Arial; font-size: medium;\">1,900<\/span><\/td>\n<td align=\"center\" valign=\"middle\" sdnum=\"1046;0;0,000\" style=\"width: 106.062px;\"><span style=\"color: #333399; font-family: Arial; font-size: medium;\">10 P\u00c7S<\/span><\/td>\n<\/tr>\n<tr>\n<td height=\"33\" align=\"center\" valign=\"middle\" style=\"width: 90.8281px;\"><span style=\"color: #333399; font-family: Arial; font-size: medium;\">Protetor Radial IRBOFLEX R 8. Aro 20<\/span><\/td>\n<td align=\"center\" valign=\"middle\" style=\"width: 82.375px;\"><span style=\"color: #333399; font-family: Arial; font-size: medium;\">200mm<\/span><\/td>\n<td align=\"center\" valign=\"middle\" style=\"width: 104.141px;\"><span style=\"color: #333399; font-family: Arial; font-size: medium;\">Com Ilh\u00f3s e Blindagem no Bico<\/span><\/td>\n<td align=\"center\" valign=\"middle\" sdval=\"1,765\" sdnum=\"1046;0;0,000\" style=\"width: 48.5938px;\"><span style=\"color: #333399; font-family: Arial; font-size: medium;\">1,765<\/span><\/td>\n<td align=\"center\" valign=\"middle\" sdnum=\"1046;0;0,000\" style=\"width: 106.062px;\"><span style=\"color: #333399; font-family: Arial; font-size: medium;\">10 P\u00c7S<\/span><\/td>\n<\/tr>\n<tr>\n<td height=\"33\" align=\"center\" valign=\"middle\" style=\"width: 90.8281px;\"><span style=\"color: #333399; font-family: Arial; font-size: medium;\">Protetor Radial IRBOFLEX R 8. Aro 22<\/span><\/td>\n<td align=\"center\" valign=\"middle\" style=\"width: 82.375px;\"><span style=\"color: #333399; font-family: Arial; font-size: medium;\">210mm<\/span><\/td>\n<td align=\"center\" valign=\"middle\" style=\"width: 104.141px;\"><span style=\"color: #333399; font-family: Arial; font-size: medium;\">Com Ilh\u00f3s e Blindagem no Bico<\/span><\/td>\n<td align=\"center\" valign=\"middle\" sdval=\"2,13\" sdnum=\"1046;0;0,000\" style=\"width: 48.5938px;\"><span style=\"color: #333399; font-family: Arial; font-size: medium;\">2,130<\/span><\/td>\n<td align=\"center\" valign=\"middle\" sdnum=\"1046;0;0,000\" style=\"width: 106.062px;\"><span style=\"color: #333399; font-family: Arial; font-size: medium;\">10 P\u00c7S<\/span><\/td>\n<\/tr>\n<tr>\n<td height=\"33\" align=\"center\" valign=\"middle\" style=\"width: 90.8281px;\"><span style=\"color: #333399; font-family: Arial; font-size: medium;\">Protetor Radial IRBOFLEX R 9. Aro 20<\/span><\/td>\n<td align=\"center\" valign=\"middle\" style=\"width: 82.375px;\"><span style=\"color: #333399; font-family: Arial; font-size: medium;\">229mm<\/span><\/td>\n<td align=\"center\" valign=\"middle\" style=\"width: 104.141px;\"><span style=\"color: #333399; font-family: Arial; font-size: medium;\">Com Ilh\u00f3s e Blindagem no Bico<\/span><\/td>\n<td align=\"center\" valign=\"middle\" sdval=\"1,905\" sdnum=\"1046;0;0,000\" style=\"width: 48.5938px;\"><span style=\"color: #333399; font-family: Arial; font-size: medium;\">1,905<\/span><\/td>\n<td align=\"center\" valign=\"middle\" sdnum=\"1046;0;0,000\" style=\"width: 106.062px;\"><span style=\"color: #333399; font-family: Arial; font-size: medium;\">10 P\u00c7S<\/span><\/td>\n<\/tr>\n<tr>\n<td height=\"33\" align=\"center\" valign=\"middle\" style=\"width: 90.8281px;\"><span style=\"color: #333399; font-family: Arial; font-size: medium;\">Protetor Radial IRBOFLEX R 9. Aro 22<\/span><\/td>\n<td align=\"center\" valign=\"middle\" style=\"width: 82.375px;\"><span style=\"color: #333399; font-family: Arial; font-size: medium;\">229mm<\/span><\/td>\n<td align=\"center\" valign=\"middle\" style=\"width: 104.141px;\"><span style=\"color: #333399; font-family: Arial; font-size: medium;\">Com Ilh\u00f3s e Blindagem no Bico<\/span><\/td>\n<td align=\"center\" valign=\"middle\" sdval=\"2,435\" sdnum=\"1046;0;0,000\" style=\"width: 48.5938px;\"><span style=\"color: #333399; font-family: Arial; font-size: medium;\">2,435<\/span><\/td>\n<td align=\"center\" valign=\"middle\" sdnum=\"1046;0;0,000\" style=\"width: 106.062px;\"><span style=\"color: #333399; font-family: Arial; font-size: medium;\">10 P\u00c7S<\/span><\/td>\n<\/tr>\n<tr>\n<td height=\"33\" align=\"center\" valign=\"middle\" style=\"width: 90.8281px;\"><span style=\"color: #333399; font-family: Arial; font-size: medium;\">Protetor Radial &#8220;A&#8221; Aro 22,5<\/span><\/td>\n<td align=\"center\" valign=\"middle\" style=\"width: 82.375px;\"><span style=\"color: #333399; font-family: Arial; font-size: medium;\">215mm<\/span><\/td>\n<td align=\"center\" valign=\"middle\" style=\"width: 104.141px;\"><span style=\"color: #333399; font-family: Arial; font-size: medium;\">Com Ilh\u00f3s no Bico<\/span><\/td>\n<td align=\"center\" valign=\"middle\" sdval=\"1,93\" sdnum=\"1046;0;0,000\" style=\"width: 48.5938px;\"><span style=\"color: #333399; font-family: Arial; font-size: medium;\">1,930<\/span><\/td>\n<td align=\"center\" valign=\"middle\" sdnum=\"1046;0;0,000\" style=\"width: 106.062px;\"><span style=\"color: #333399; font-family: Arial; font-size: medium;\">10 P\u00c7S<\/span><\/td>\n<\/tr>\n<tr>\n<td height=\"33\" align=\"center\" valign=\"middle\" style=\"width: 90.8281px;\"><span style=\"color: #333399; font-family: Arial; font-size: medium;\">Protetor Radial Aro 24<\/span><\/td>\n<td align=\"center\" valign=\"middle\" style=\"width: 82.375px;\"><span style=\"color: #333399; font-family: Arial; font-size: medium;\">260mm<\/span><\/td>\n<td align=\"center\" valign=\"middle\" style=\"width: 104.141px;\"><span style=\"color: #333399; font-family: Arial; font-size: medium;\">Sem Ilh\u00f3s no Bico<\/span><\/td>\n<td align=\"center\" valign=\"middle\" sdval=\"4,43\" sdnum=\"1046;0;0,000\" style=\"width: 48.5938px;\"><span style=\"color: #333399; font-family: Arial; font-size: medium;\">4,430<\/span><\/td>\n<td align=\"center\" valign=\"middle\" sdnum=\"1046;0;0,000\" style=\"width: 106.062px;\"><span style=\"color: #333399; font-family: Arial; font-size: medium;\">05 P\u00c7S<\/span><\/td>\n<\/tr>\n<tr>\n<td height=\"33\" align=\"center\" valign=\"middle\" style=\"width: 90.8281px;\"><span style=\"color: #333399; font-family: Arial; font-size: medium;\">Protetor Radial Aro 25<\/span><\/td>\n<td align=\"center\" valign=\"middle\" style=\"width: 82.375px;\"><span style=\"color: #333399; font-family: Arial; font-size: medium;\">430mm<\/span><\/td>\n<td align=\"center\" valign=\"middle\" style=\"width: 104.141px;\"><span style=\"color: #333399; font-family: Arial; font-size: medium;\">Sem Ilh\u00f3s no Bico<\/span><\/td>\n<td align=\"center\" valign=\"middle\" sdval=\"6\" sdnum=\"1046;0;0,000\" style=\"width: 48.5938px;\"><span style=\"color: #333399; font-family: Arial; font-size: medium;\">6,000<\/span><\/td>\n<td align=\"center\" valign=\"middle\" sdnum=\"1046;0;0,000\" style=\"width: 106.062px;\"><span style=\"color: #333399; font-family: Arial; font-size: medium;\">03 P\u00c7S<\/span><\/td>\n<\/tr>\n<\/tbody>\n<\/table>\n<p>[\/et_pb_text][\/et_pb_column][\/et_pb_row][\/et_pb_section][et_pb_section fb_built=&#8221;1&#8243; theme_builder_area=&#8221;post_content&#8221; _builder_version=&#8221;4.17.4&#8243; _module_preset=&#8221;default&#8221;][\/et_pb_section]<\/p>\n","protected":false},"excerpt":{"rendered":"<p>Nossos produtos s\u00e3o\u00a0produzidos com equipamentos modernos e t\u00e9cnicas atualizadas, atingindo padr\u00f5es internacionais de qualidade, garantindo alta seguran\u00e7a e prote\u00e7\u00e3o para pneus e c\u00e2maras. Os protetores IRBO na linha radial, al\u00e9m do refor\u00e7o, Ilh\u00f3s Met\u00e1lico (em destaque) e lubrifica\u00e7\u00e3o para melhorar a montagem, oferecem a tradicional Blindagem Extra dando total prote\u00e7\u00e3o na regi\u00e3o do bico. TABELA [&hellip;]<\/p>\n","protected":false},"author":1,"featured_media":0,"parent":0,"menu_order":0,"comment_status":"closed","ping_status":"closed","template":"","meta":{"_et_pb_use_builder":"on","_et_pb_old_content":"","_et_gb_content_width":"","footnotes":""},"class_list":["post-242","page","type-page","status-publish","hentry"],"_links":{"self":[{"href":"https:\/\/irbo.com.br\/site\/index.php\/wp-json\/wp\/v2\/pages\/242","targetHints":{"allow":["GET"]}}],"collection":[{"href":"https:\/\/irbo.com.br\/site\/index.php\/wp-json\/wp\/v2\/pages"}],"about":[{"href":"https:\/\/irbo.com.br\/site\/index.php\/wp-json\/wp\/v2\/types\/page"}],"author":[{"embeddable":true,"href":"https:\/\/irbo.com.br\/site\/index.php\/wp-json\/wp\/v2\/users\/1"}],"replies":[{"embeddable":true,"href":"https:\/\/irbo.com.br\/site\/index.php\/wp-json\/wp\/v2\/comments?post=242"}],"version-history":[{"count":8,"href":"https:\/\/irbo.com.br\/site\/index.php\/wp-json\/wp\/v2\/pages\/242\/revisions"}],"predecessor-version":[{"id":314,"href":"https:\/\/irbo.com.br\/site\/index.php\/wp-json\/wp\/v2\/pages\/242\/revisions\/314"}],"wp:attachment":[{"href":"https:\/\/irbo.com.br\/site\/index.php\/wp-json\/wp\/v2\/media?parent=242"}],"curies":[{"name":"wp","href":"https:\/\/api.w.org\/{rel}","templated":true}]}}